{"id":10130,"date":"2020-12-07T10:11:53","date_gmt":"2020-12-07T10:11:53","guid":{"rendered":"https:\/\/www.fabricaal.com\/?post_type=product&#038;p=10130"},"modified":"2025-11-14T14:08:16","modified_gmt":"2025-11-14T14:08:16","slug":"24-espiga-completa","status":"publish","type":"product","link":"https:\/\/www.fabricaal.com\/en\/produto\/24-espiga-completa\/","title":{"rendered":"24 Espiga Completa"},"content":{"rendered":"","protected":false},"excerpt":{"rendered":"<p class=\"qtranxs-available-languages-message qtranxs-available-languages-message-en\">Sorry, this entry is only available in <a href=\"https:\/\/www.fabricaal.com\/pt\/wp-json\/wp\/v2\/product\/10130\" class=\"qtranxs-available-language-link qtranxs-available-language-link-pt\" title=\"Portugu\u00eas\">European Portuguese<\/a>.<\/p>\n<p>O tapete Espiga 24 com 2 cercaduras grandes \u00e9 um padr\u00e3o ic\u00f3nico da nossa fabrica\u00a0 que pode ser feitos em v\u00e1rios tamanhos e em diferentes cores.<\/p>\n","protected":false},"featured_media":55441,"comment_status":"closed","ping_status":"closed","template":"","meta":[],"product_cat":[17],"product_tag":[172,171,167,168,106,127,89,87,176,110,173,169,86,174,197,88,100,123,175,92,191,190,103,202,198,109,108,104,99,97,124,90,182,107,196,125,201,84,85,91,199,126,102,101,105,96,94,98,170,95,93],"acf":[],"_links":{"self":[{"href":"https:\/\/www.fabricaal.com\/en\/wp-json\/wp\/v2\/product\/10130"}],"collection":[{"href":"https:\/\/www.fabricaal.com\/en\/wp-json\/wp\/v2\/product"}],"about":[{"href":"https:\/\/www.fabricaal.com\/en\/wp-json\/wp\/v2\/types\/product"}],"replies":[{"embeddable":true,"href":"https:\/\/www.fabricaal.com\/en\/wp-json\/wp\/v2\/comments?post=10130"}],"wp:featuredmedia":[{"embeddable":true,"href":"https:\/\/www.fabricaal.com\/en\/wp-json\/wp\/v2\/media\/55441"}],"wp:attachment":[{"href":"https:\/\/www.fabricaal.com\/en\/wp-json\/wp\/v2\/media?parent=10130"}],"wp:term":[{"taxonomy":"product_cat","embeddable":true,"href":"https:\/\/www.fabricaal.com\/en\/wp-json\/wp\/v2\/product_cat?post=10130"},{"taxonomy":"product_tag","embeddable":true,"href":"https:\/\/www.fabricaal.com\/en\/wp-json\/wp\/v2\/product_tag?post=10130"}],"curies":[{"name":"wp","href":"https:\/\/api.w.org\/{rel}","templated":true}]}}