{"id":43060,"date":"2021-06-23T13:10:29","date_gmt":"2021-06-23T13:10:29","guid":{"rendered":"https:\/\/www.fabricaal.com\/?post_type=product&#038;p=43060"},"modified":"2025-11-14T14:08:20","modified_gmt":"2025-11-14T14:08:20","slug":"praia","status":"publish","type":"product","link":"https:\/\/www.fabricaal.com\/en\/produto\/praia\/","title":{"rendered":"Praia"},"content":{"rendered":"","protected":false},"excerpt":{"rendered":"<p class=\"qtranxs-available-languages-message qtranxs-available-languages-message-en\">Sorry, this entry is only available in <a href=\"https:\/\/www.fabricaal.com\/pt\/wp-json\/wp\/v2\/product\/43060\" class=\"qtranxs-available-language-link qtranxs-available-language-link-pt\" title=\"Portugu\u00eas\">European Portuguese<\/a>.<\/p>\n<p>Criado para manta ou colcha de cama , ou tapate de sala para uma Noiva que casa no pico do ver\u00e3o que adora as cores das nossas mantas. Pode ter acabamento em franja ou em ba\u00ednha e ser tecido em v\u00e1rios tamanhos. Feito em tear de espiga na medida da foto 120x180cm.<\/p>\n","protected":false},"featured_media":43061,"comment_status":"closed","ping_status":"closed","template":"","meta":[],"product_cat":[17],"product_tag":[172,171,167,168,106,401,127,89,87,176,373,110,173,169,86,174,197,355,283,301,88,100,123,378,175,92,303,282,302,191,190,103,305,202,198,322,109,108,104,99,304,97,124,90,182,107,196,125,201,372,84,85,91,199,126,371,353,413,102,101,414,105,96,94,98,170,95,93],"acf":[],"_links":{"self":[{"href":"https:\/\/www.fabricaal.com\/en\/wp-json\/wp\/v2\/product\/43060"}],"collection":[{"href":"https:\/\/www.fabricaal.com\/en\/wp-json\/wp\/v2\/product"}],"about":[{"href":"https:\/\/www.fabricaal.com\/en\/wp-json\/wp\/v2\/types\/product"}],"replies":[{"embeddable":true,"href":"https:\/\/www.fabricaal.com\/en\/wp-json\/wp\/v2\/comments?post=43060"}],"wp:featuredmedia":[{"embeddable":true,"href":"https:\/\/www.fabricaal.com\/en\/wp-json\/wp\/v2\/media\/43061"}],"wp:attachment":[{"href":"https:\/\/www.fabricaal.com\/en\/wp-json\/wp\/v2\/media?parent=43060"}],"wp:term":[{"taxonomy":"product_cat","embeddable":true,"href":"https:\/\/www.fabricaal.com\/en\/wp-json\/wp\/v2\/product_cat?post=43060"},{"taxonomy":"product_tag","embeddable":true,"href":"https:\/\/www.fabricaal.com\/en\/wp-json\/wp\/v2\/product_tag?post=43060"}],"curies":[{"name":"wp","href":"https:\/\/api.w.org\/{rel}","templated":true}]}}