{"id":55203,"date":"2023-11-03T18:30:56","date_gmt":"2023-11-03T18:30:56","guid":{"rendered":"https:\/\/www.fabricaal.com\/?post_type=product&#038;p=55203"},"modified":"2025-11-14T14:09:21","modified_gmt":"2025-11-14T14:09:21","slug":"almofada-aventura","status":"publish","type":"product","link":"https:\/\/www.fabricaal.com\/en\/produto\/almofada-aventura\/","title":{"rendered":"Cushions Aventure"},"content":{"rendered":"","protected":false},"excerpt":{"rendered":"<p class=\"qtranxs-available-languages-message qtranxs-available-languages-message-en\">Sorry, this entry is only available in <a href=\"https:\/\/www.fabricaal.com\/pt\/wp-json\/wp\/v2\/product\/55203\" class=\"qtranxs-available-language-link qtranxs-available-language-link-pt\" title=\"Portugu\u00eas\">European Portuguese<\/a>.<\/p>\n<p>Este \u00e9 um Modelo\u00a0 Aventura\u00a0 foi criado em 2020 para\u00a0 renovar o tradicional modelo Gil que era feito a 3 cores, e exaltar as cores\u00a0 tradicionais da antiga colec\u00e7\u00e3o da\u00a0 Fabrica, tecido no ponto canelado do Tear de lozangos, Pertencente \u00e1 categoria\u00a0 premium, pode ser feito em v\u00e1rios tamanhos e at\u00e9 noutras cores . Tecido em l\u00e3 pode ser acabado com franjas ou com ba\u00ednha. O modelo da foto 44x44cm<\/p>\n","protected":false},"featured_media":55624,"comment_status":"closed","ping_status":"closed","template":"","meta":[],"product_cat":[62],"product_tag":[172,171,167,168,106,401,127,89,87,176,373,110,173,169,86,174,197,355,283,301,88,100,123,378,175,92,303,282,302,191,190,103,305,202,198,322,109,108,104,99,304,97,124,90,182,107,196,125,201,372,84,85,91,199,126,371,353,413,102,101,414,105,96,94,98,170,95,93],"acf":[],"_links":{"self":[{"href":"https:\/\/www.fabricaal.com\/en\/wp-json\/wp\/v2\/product\/55203"}],"collection":[{"href":"https:\/\/www.fabricaal.com\/en\/wp-json\/wp\/v2\/product"}],"about":[{"href":"https:\/\/www.fabricaal.com\/en\/wp-json\/wp\/v2\/types\/product"}],"replies":[{"embeddable":true,"href":"https:\/\/www.fabricaal.com\/en\/wp-json\/wp\/v2\/comments?post=55203"}],"wp:featuredmedia":[{"embeddable":true,"href":"https:\/\/www.fabricaal.com\/en\/wp-json\/wp\/v2\/media\/55624"}],"wp:attachment":[{"href":"https:\/\/www.fabricaal.com\/en\/wp-json\/wp\/v2\/media?parent=55203"}],"wp:term":[{"taxonomy":"product_cat","embeddable":true,"href":"https:\/\/www.fabricaal.com\/en\/wp-json\/wp\/v2\/product_cat?post=55203"},{"taxonomy":"product_tag","embeddable":true,"href":"https:\/\/www.fabricaal.com\/en\/wp-json\/wp\/v2\/product_tag?post=55203"}],"curies":[{"name":"wp","href":"https:\/\/api.w.org\/{rel}","templated":true}]}}